{"id":44,"date":"2022-10-27T15:02:38","date_gmt":"2022-10-27T15:02:38","guid":{"rendered":"http:\/\/parque.urbano.ubiobio.cl\/?page_id=44"},"modified":"2023-10-17T18:35:14","modified_gmt":"2023-10-17T18:35:14","slug":"el-convenio","status":"publish","type":"page","link":"http:\/\/parque.urbano.ubiobio.cl\/?page_id=44","title":{"rendered":"El convenio"},"content":{"rendered":"\t\t<div data-elementor-type=\"wp-page\" data-elementor-id=\"44\" class=\"elementor elementor-44\">\n\t\t\t\t\t\t<section class=\"elementor-section elementor-top-section elementor-element elementor-element-fa8d4c1 elementor-section-boxed elementor-section-height-default elementor-section-height-default\" data-id=\"fa8d4c1\" data-element_type=\"section\">\n\t\t\t\t\t\t<div class=\"elementor-container elementor-column-gap-default\">\n\t\t\t\t\t<div class=\"elementor-column elementor-col-50 elementor-top-column elementor-element elementor-element-07f386a\" data-id=\"07f386a\" data-element_type=\"column\">\n\t\t\t<div class=\"elementor-widget-wrap elementor-element-populated\">\n\t\t\t\t\t\t<div class=\"elementor-element elementor-element-f87ae8f elementor-widget elementor-widget-heading\" data-id=\"f87ae8f\" data-element_type=\"widget\" data-widget_type=\"heading.default\">\n\t\t\t\t<div class=\"elementor-widget-container\">\n\t\t\t<h2 class=\"elementor-heading-title elementor-size-default\">Convenio de programaci\u00f3n Gobierno Regional del B\u00edo B\u00edo y Universidad del B\u00edo-B\u00edo<\/h2>\t\t<\/div>\n\t\t\t\t<\/div>\n\t\t\t\t<div class=\"elementor-element elementor-element-8f5204d elementor-widget elementor-widget-text-editor\" data-id=\"8f5204d\" data-element_type=\"widget\" data-widget_type=\"text-editor.default\">\n\t\t\t\t<div class=\"elementor-widget-container\">\n\t\t\t\t\t\t\t<h4><span class=\"s1\"><b>Objetivos del Convenio:<span class=\"Apple-converted-space\">\u00a0<\/span><\/b><\/span><\/h4><p class=\"p1\"><span class=\"s1\"><i>Aunar esfuerzos, concretar acciones y coordinar inversiones para desarrollar un <\/i><\/span><span class=\"s2\"><b><i>Parque Urbano, Fortalecer el desarrollo de las Ciencias, la Tecnolog\u00eda y la Vinculaci\u00f3n con el Medio de la Universidad del B\u00edo-B\u00edo<\/i><\/b><\/span><span class=\"s1\"><i>, \u00fanica universidad estatal de la regi\u00f3n, con el fin de desarrollar la ciencia, la investigaci\u00f3n aplicada y la innovaci\u00f3n tecnol\u00f3gica y de mejorar la calidad de vida de las personas que habitan la regi\u00f3n. (Clausula Segunda)<\/i><\/span><\/p><h4 class=\"p1\"><span class=\"s1\"><b>Plazos del Convenio:<span class=\"Apple-converted-space\">\u00a0<\/span><\/b><\/span><\/h4><p class=\"p1\"><span class=\"s1\"><i>Tendr\u00e1 una <\/i><\/span><span class=\"s2\"><b><i>duraci\u00f3n de 5 a\u00f1os, <\/i><\/b><\/span><span class=\"s1\"><i>contados desde la total tramitaci\u00f3n del \u00faltimo acto administrativo que lo apruebe<\/i>. (Clausula Tercera)<\/span><\/p><h4 class=\"p1\"><span class=\"s1\"><b>Montos del Convenio:<\/b><\/span><\/h4><p class=\"p1\"><span class=\"s1\"><i>El costo total del Convenio se ha estimado en <\/i><\/span><span class=\"s2\"><b><i>M$ 13.982.000<\/i><\/b><i>.- <\/i><\/span><span class=\"s1\"><i>de los cuales <\/i><\/span><span class=\"s2\"><b><i>M$2.706.000<\/i><\/b><i>.- <\/i><\/span><span class=\"s1\"><i>corresponden al monto con que concurrir\u00e1 la Universidad del B\u00edo-B\u00edo (Clausula Quinta)<\/i><\/span><\/p><h4 class=\"p1\"><span class=\"s1\"><b>Seguimiento del Convenio:<span class=\"Apple-converted-space\">\u00a0<\/span><\/b><\/span><\/h4><p class=\"p1\"><span class=\"s1\"><i>El seguimiento de la gesti\u00f3n del presente convenio, existir\u00e1 la <\/i><\/span><span class=\"s2\"><b><i>\u201cComisi\u00f3n Evaluadora del Convenio\u201d y la \u201cComisi\u00f3n de Seguimiento\u201d <\/i><\/b><\/span><span class=\"s1\"><i>(Clausula D\u00e9cima)<\/i><\/span><\/p>\t\t\t\t\t\t<\/div>\n\t\t\t\t<\/div>\n\t\t\t\t\t<\/div>\n\t\t<\/div>\n\t\t\t\t<div class=\"elementor-column elementor-col-50 elementor-top-column elementor-element elementor-element-ea49faf\" data-id=\"ea49faf\" data-element_type=\"column\">\n\t\t\t<div class=\"elementor-widget-wrap elementor-element-populated\">\n\t\t\t\t\t\t<div class=\"elementor-element elementor-element-3b7131c e-transform elementor-widget elementor-widget-image\" data-id=\"3b7131c\" data-element_type=\"widget\" data-settings=\"{&quot;_transform_rotateZ_effect&quot;:{&quot;unit&quot;:&quot;px&quot;,&quot;size&quot;:4,&quot;sizes&quot;:[]},&quot;_transform_rotateZ_effect_tablet&quot;:{&quot;unit&quot;:&quot;deg&quot;,&quot;size&quot;:&quot;&quot;,&quot;sizes&quot;:[]},&quot;_transform_rotateZ_effect_mobile&quot;:{&quot;unit&quot;:&quot;deg&quot;,&quot;size&quot;:&quot;&quot;,&quot;sizes&quot;:[]}}\" data-widget_type=\"image.default\">\n\t\t\t\t<div class=\"elementor-widget-container\">\n\t\t\t\t\t\t\t\t\t\t\t\t\t<img fetchpriority=\"high\" decoding=\"async\" width=\"734\" height=\"1024\" src=\"http:\/\/parque.urbano.ubiobio.cl\/wp-content\/uploads\/2022\/11\/convenio-734x1024.jpg\" class=\"attachment-large size-large wp-image-350\" alt=\"\" srcset=\"http:\/\/parque.urbano.ubiobio.cl\/wp-content\/uploads\/2022\/11\/convenio-734x1024.jpg 734w, http:\/\/parque.urbano.ubiobio.cl\/wp-content\/uploads\/2022\/11\/convenio-215x300.jpg 215w, http:\/\/parque.urbano.ubiobio.cl\/wp-content\/uploads\/2022\/11\/convenio-768x1071.jpg 768w, http:\/\/parque.urbano.ubiobio.cl\/wp-content\/uploads\/2022\/11\/convenio.jpg 836w\" sizes=\"(max-width: 734px) 100vw, 734px\" \/>\t\t\t\t\t\t\t\t\t\t\t\t\t<\/div>\n\t\t\t\t<\/div>\n\t\t\t\t\t<\/div>\n\t\t<\/div>\n\t\t\t\t\t<\/div>\n\t\t<\/section>\n\t\t\t\t<\/div>\n\t\t","protected":false},"excerpt":{"rendered":"<p>Convenio de programaci\u00f3n Gobierno Regional del B\u00edo B\u00edo y Universidad del B\u00edo-B\u00edo Objetivos del Convenio:\u00a0 Aunar esfuerzos, concretar acciones y coordinar inversiones para desarrollar un Parque Urbano, Fortalecer el desarrollo de las Ciencias, la Tecnolog\u00eda y la Vinculaci\u00f3n con el Medio de la Universidad del B\u00edo-B\u00edo, \u00fanica universidad estatal de la regi\u00f3n, con el fin [&hellip;]<\/p>\n","protected":false},"author":1,"featured_media":0,"parent":0,"menu_order":0,"comment_status":"closed","ping_status":"closed","template":"","meta":{"_mi_skip_tracking":false,"footnotes":""},"class_list":["post-44","page","type-page","status-publish","hentry"],"_links":{"self":[{"href":"http:\/\/parque.urbano.ubiobio.cl\/index.php?rest_route=\/wp\/v2\/pages\/44","targetHints":{"allow":["GET"]}}],"collection":[{"href":"http:\/\/parque.urbano.ubiobio.cl\/index.php?rest_route=\/wp\/v2\/pages"}],"about":[{"href":"http:\/\/parque.urbano.ubiobio.cl\/index.php?rest_route=\/wp\/v2\/types\/page"}],"author":[{"embeddable":true,"href":"http:\/\/parque.urbano.ubiobio.cl\/index.php?rest_route=\/wp\/v2\/users\/1"}],"replies":[{"embeddable":true,"href":"http:\/\/parque.urbano.ubiobio.cl\/index.php?rest_route=%2Fwp%2Fv2%2Fcomments&post=44"}],"version-history":[{"count":7,"href":"http:\/\/parque.urbano.ubiobio.cl\/index.php?rest_route=\/wp\/v2\/pages\/44\/revisions"}],"predecessor-version":[{"id":1469,"href":"http:\/\/parque.urbano.ubiobio.cl\/index.php?rest_route=\/wp\/v2\/pages\/44\/revisions\/1469"}],"wp:attachment":[{"href":"http:\/\/parque.urbano.ubiobio.cl\/index.php?rest_route=%2Fwp%2Fv2%2Fmedia&parent=44"}],"curies":[{"name":"wp","href":"https:\/\/api.w.org\/{rel}","templated":true}]}}